{"id":87,"date":"2018-12-05T00:14:40","date_gmt":"2018-12-05T00:14:40","guid":{"rendered":"http:\/\/michaelderotus.com\/?page_id=87"},"modified":"2024-10-16T17:43:51","modified_gmt":"2024-10-16T17:43:51","slug":"commande-cd","status":"publish","type":"page","link":"http:\/\/michaelderotus.com\/?page_id=87","title":{"rendered":"Albums"},"content":{"rendered":"\n<figure class=\"wp-block-image size-large is-resized\"><img loading=\"lazy\" decoding=\"async\" src=\"http:\/\/michaelderotus.com\/wp-content\/uploads\/2024\/10\/Screenshot_20240916-015949_Drive2-960x1024.jpg\" alt=\"\" class=\"wp-image-2619\" width=\"600\" height=\"639\" srcset=\"http:\/\/michaelderotus.com\/wp-content\/uploads\/2024\/10\/Screenshot_20240916-015949_Drive2-960x1024.jpg 960w, http:\/\/michaelderotus.com\/wp-content\/uploads\/2024\/10\/Screenshot_20240916-015949_Drive2-281x300.jpg 281w, http:\/\/michaelderotus.com\/wp-content\/uploads\/2024\/10\/Screenshot_20240916-015949_Drive2-768x819.jpg 768w, http:\/\/michaelderotus.com\/wp-content\/uploads\/2024\/10\/Screenshot_20240916-015949_Drive2.jpg 1200w\" sizes=\"auto, (max-width: 600px) 100vw, 600px\" \/><figcaption>\u00ab\u00a0l&rsquo;Appel du dehors\u00a0\u00bb double album vinyle (20 \u20ac + frais d&rsquo;envoi). Commande sur ce lien: <a rel=\"noreferrer noopener\" href=\"https:\/\/www.leetchi.com\/fr\/c\/1-5667868?utm_source=copylink&amp;utm_medium=social_sharing\" data-type=\"URL\" data-id=\"https:\/\/www.leetchi.com\/fr\/c\/1-5667868?utm_source=copylink&amp;utm_medium=social_sharing\" target=\"_blank\">https:\/\/www.leetchi.com\/fr\/c\/1-5667868?utm_source=copylink&amp;utm_medium=social_sharing<\/a><\/figcaption><\/figure>\n\n\n\n<p><\/p>\n\n\n\n<figure class=\"wp-block-image size-full is-resized\"><img loading=\"lazy\" decoding=\"async\" src=\"http:\/\/michaelderotus.com\/wp-content\/uploads\/2022\/01\/5-Couv-Michael-Derotus-Le-festival-des-mots-jolis.png\" alt=\"\" class=\"wp-image-1895\" width=\"568\" height=\"498\" srcset=\"http:\/\/michaelderotus.com\/wp-content\/uploads\/2022\/01\/5-Couv-Michael-Derotus-Le-festival-des-mots-jolis.png 408w, http:\/\/michaelderotus.com\/wp-content\/uploads\/2022\/01\/5-Couv-Michael-Derotus-Le-festival-des-mots-jolis-300x263.png 300w\" sizes=\"auto, (max-width: 568px) 100vw, 568px\" \/><figcaption>Album \u00ab\u00a0Le festival des mots jolis\u00a0\u00bb (2022)<br> CD 16 titres <br>CD 13 \u20ac + 3\u20ac frais de port  (paiement par ch\u00e8que) <br>commande en bas de page \u2193<br><\/figcaption><\/figure>\n\n\n\n<p><\/p>\n\n\n\n<div class=\"wp-block-columns alignwide are-vertically-aligned-center is-layout-flex wp-container-core-columns-is-layout-9d6595d7 wp-block-columns-is-layout-flex\">\n<div class=\"wp-block-column is-vertically-aligned-center is-layout-flow wp-block-column-is-layout-flow\" style=\"flex-basis:100%\">\n<div class=\"wp-block-group\"><div class=\"wp-block-group__inner-container is-layout-flow wp-block-group-is-layout-flow\"><\/div><\/div>\n\n\n\n<p><\/p>\n<\/div>\n<\/div>\n\n\n\n<figure class=\"wp-block-image size-large is-resized\"><a href=\"https:\/\/www.amazon.fr\/gp\/product\/B07DCNHPL4\/ref=dm_ws_sp_ps_dp\"><img loading=\"lazy\" decoding=\"async\" src=\"http:\/\/michaelderotus.com\/wp-content\/uploads\/2022\/01\/4-Couv-Michael-Derotus-Le-monde-quil-fait-aujourdhui-1024x1024.jpg\" alt=\"\" class=\"wp-image-1896\" width=\"594\" height=\"594\" srcset=\"http:\/\/michaelderotus.com\/wp-content\/uploads\/2022\/01\/4-Couv-Michael-Derotus-Le-monde-quil-fait-aujourdhui-1024x1024.jpg 1024w, http:\/\/michaelderotus.com\/wp-content\/uploads\/2022\/01\/4-Couv-Michael-Derotus-Le-monde-quil-fait-aujourdhui-300x300.jpg 300w, http:\/\/michaelderotus.com\/wp-content\/uploads\/2022\/01\/4-Couv-Michael-Derotus-Le-monde-quil-fait-aujourdhui-150x150.jpg 150w, http:\/\/michaelderotus.com\/wp-content\/uploads\/2022\/01\/4-Couv-Michael-Derotus-Le-monde-quil-fait-aujourdhui-768x768.jpg 768w, http:\/\/michaelderotus.com\/wp-content\/uploads\/2022\/01\/4-Couv-Michael-Derotus-Le-monde-quil-fait-aujourdhui-1536x1536.jpg 1536w, http:\/\/michaelderotus.com\/wp-content\/uploads\/2022\/01\/4-Couv-Michael-Derotus-Le-monde-quil-fait-aujourdhui-640x640.jpg 640w, http:\/\/michaelderotus.com\/wp-content\/uploads\/2022\/01\/4-Couv-Michael-Derotus-Le-monde-quil-fait-aujourdhui.jpg 1654w\" sizes=\"auto, (max-width: 594px) 100vw, 594px\" \/><\/a><figcaption>Album \u00ab\u00a0Le monde qu&rsquo;il fait aujourd&rsquo;hui\u00a0\u00bb (2018) <br>15 titres \u00e0 t\u00e9l\u00e9charger en cliquant sur la pochette de l&rsquo;album (0.99 \u20ac\/titre)<\/figcaption><\/figure>\n\n\n\n<figure class=\"wp-block-image size-large is-resized\"><img loading=\"lazy\" decoding=\"async\" src=\"http:\/\/michaelderotus.com\/wp-content\/uploads\/2022\/01\/3-Couv-Michael-Derotus-Millenaire-1024x930.jpg\" alt=\"\" class=\"wp-image-1897\" width=\"574\" height=\"522\" srcset=\"http:\/\/michaelderotus.com\/wp-content\/uploads\/2022\/01\/3-Couv-Michael-Derotus-Millenaire-1024x930.jpg 1024w, http:\/\/michaelderotus.com\/wp-content\/uploads\/2022\/01\/3-Couv-Michael-Derotus-Millenaire-300x272.jpg 300w, http:\/\/michaelderotus.com\/wp-content\/uploads\/2022\/01\/3-Couv-Michael-Derotus-Millenaire-768x697.jpg 768w, http:\/\/michaelderotus.com\/wp-content\/uploads\/2022\/01\/3-Couv-Michael-Derotus-Millenaire-1536x1394.jpg 1536w, http:\/\/michaelderotus.com\/wp-content\/uploads\/2022\/01\/3-Couv-Michael-Derotus-Millenaire.jpg 1659w\" sizes=\"auto, (max-width: 574px) 100vw, 574px\" \/><figcaption>Album \u00ab\u00a0Mill\u00e9naire\u00a0\u00bb (2015) <br> CD 12 titres<br>CD 10 \u20ac + 3\u20ac frais de port  (paiement par ch\u00e8que) <br>  commande en bas de page \u2193<br> <br> <\/figcaption><\/figure>\n\n\n\n<figure class=\"wp-block-image size-large is-resized\"><img loading=\"lazy\" decoding=\"async\" src=\"http:\/\/michaelderotus.com\/wp-content\/uploads\/2022\/01\/2-Couv-Michael-Derotus-Le-bal-de-Cendrillon-1006x1024.jpg\" alt=\"\" class=\"wp-image-1898\" width=\"519\" height=\"528\" srcset=\"http:\/\/michaelderotus.com\/wp-content\/uploads\/2022\/01\/2-Couv-Michael-Derotus-Le-bal-de-Cendrillon-1006x1024.jpg 1006w, http:\/\/michaelderotus.com\/wp-content\/uploads\/2022\/01\/2-Couv-Michael-Derotus-Le-bal-de-Cendrillon-295x300.jpg 295w, http:\/\/michaelderotus.com\/wp-content\/uploads\/2022\/01\/2-Couv-Michael-Derotus-Le-bal-de-Cendrillon-768x782.jpg 768w, http:\/\/michaelderotus.com\/wp-content\/uploads\/2022\/01\/2-Couv-Michael-Derotus-Le-bal-de-Cendrillon.jpg 1361w\" sizes=\"auto, (max-width: 519px) 100vw, 519px\" \/><figcaption> Album \u00ab\u00a0Le bal de Cendrillon\u00a0\u00bb\u00a0\u00bb (2010)  <br>CD 13 titres <br>CD 10 \u20ac + 3\u20ac frais de port  (paiement par ch\u00e8que) <br> commande en bas de page \u2193<br> <br>     <\/figcaption><\/figure>\n\n\n\n<figure class=\"wp-block-image size-full is-resized\"><img loading=\"lazy\" decoding=\"async\" src=\"http:\/\/michaelderotus.com\/wp-content\/uploads\/2022\/01\/1-Couv-Michael-Derotus-Poussiere-dor-1.jpg\" alt=\"\" class=\"wp-image-1899\" width=\"542\" height=\"542\" srcset=\"http:\/\/michaelderotus.com\/wp-content\/uploads\/2022\/01\/1-Couv-Michael-Derotus-Poussiere-dor-1.jpg 338w, http:\/\/michaelderotus.com\/wp-content\/uploads\/2022\/01\/1-Couv-Michael-Derotus-Poussiere-dor-1-300x300.jpg 300w, http:\/\/michaelderotus.com\/wp-content\/uploads\/2022\/01\/1-Couv-Michael-Derotus-Poussiere-dor-1-150x150.jpg 150w\" sizes=\"auto, (max-width: 542px) 100vw, 542px\" \/><figcaption>Album \u00ab\u00a0Poussi\u00e8re d&rsquo;or\u00a0\u00bb (2008)  <br>CD 10 titres  <br>CD 10 \u20ac + 3\u20ac frais de port  (paiement par ch\u00e8que) <br> commande en bas de page \u2193<br> <br>     <\/figcaption><\/figure>\n\n\n\n<div class=\"wp-block-contact-form-7-contact-form-selector\">\n<div class=\"wpcf7 no-js\" id=\"wpcf7-f1929-o1\" lang=\"fr-FR\" dir=\"ltr\" data-wpcf7-id=\"1929\">\n<div class=\"screen-reader-response\"><p role=\"status\" aria-live=\"polite\" aria-atomic=\"true\"><\/p> <ul><\/ul><\/div>\n<form action=\"\/index.php?rest_route=%2Fwp%2Fv2%2Fpages%2F87#wpcf7-f1929-o1\" method=\"post\" class=\"wpcf7-form init\" aria-label=\"Formulaire de contact\" novalidate=\"novalidate\" data-status=\"init\">\n<fieldset class=\"hidden-fields-container\"><input type=\"hidden\" name=\"_wpcf7\" value=\"1929\" \/><input type=\"hidden\" name=\"_wpcf7_version\" value=\"6.1.5\" \/><input type=\"hidden\" name=\"_wpcf7_locale\" value=\"fr_FR\" \/><input type=\"hidden\" name=\"_wpcf7_unit_tag\" value=\"wpcf7-f1929-o1\" \/><input type=\"hidden\" name=\"_wpcf7_container_post\" value=\"0\" \/><input type=\"hidden\" name=\"_wpcf7_posted_data_hash\" value=\"\" \/>\n<\/fieldset>\n<p><label> Votre nom<br \/>\n<span class=\"wpcf7-form-control-wrap\" data-name=\"your-name\"><input size=\"40\" maxlength=\"400\" class=\"wpcf7-form-control wpcf7-text wpcf7-validates-as-required\" aria-required=\"true\" aria-invalid=\"false\" value=\"\" type=\"text\" name=\"your-name\" \/><\/span> <\/label>\n<\/p>\n<p><label> Votre e-mail<br \/>\n<span class=\"wpcf7-form-control-wrap\" data-name=\"your-email\"><input size=\"40\" maxlength=\"400\" class=\"wpcf7-form-control wpcf7-email wpcf7-validates-as-required wpcf7-text wpcf7-validates-as-email\" aria-required=\"true\" aria-invalid=\"false\" value=\"\" type=\"email\" name=\"your-email\" \/><\/span> <\/label>\n<\/p>\n<p><label> votre adresse<br \/>\n<span class=\"wpcf7-form-control-wrap\" data-name=\"your-subject\"><input size=\"40\" maxlength=\"400\" class=\"wpcf7-form-control wpcf7-text wpcf7-validates-as-required\" aria-required=\"true\" aria-invalid=\"false\" value=\"\" type=\"text\" name=\"your-subject\" \/><\/span> <\/label>\n<\/p>\n<p><label> indiquer nom album + nombre CD (+ noms pour d\u00e9dicaces \u00e9ventuelles)<br \/>\n<span class=\"wpcf7-form-control-wrap\" data-name=\"your-message\"><input size=\"40\" maxlength=\"400\" class=\"wpcf7-form-control wpcf7-text wpcf7-validates-as-required\" aria-required=\"true\" aria-invalid=\"false\" value=\"\" type=\"text\" name=\"your-message\" \/><\/span> <\/label>\n<\/p>\n<p><input class=\"wpcf7-form-control wpcf7-submit has-spinner\" type=\"submit\" value=\"Envoyer\" \/>\n<\/p><div class=\"wpcf7-response-output\" aria-hidden=\"true\"><\/div>\n<\/form>\n<\/div>\n<\/div>\n","protected":false},"excerpt":{"rendered":"","protected":false},"author":1,"featured_media":0,"parent":0,"menu_order":0,"comment_status":"closed","ping_status":"closed","template":"","meta":{"footnotes":""},"class_list":["post-87","page","type-page","status-publish","hentry"],"_links":{"self":[{"href":"http:\/\/michaelderotus.com\/index.php?rest_route=\/wp\/v2\/pages\/87","targetHints":{"allow":["GET"]}}],"collection":[{"href":"http:\/\/michaelderotus.com\/index.php?rest_route=\/wp\/v2\/pages"}],"about":[{"href":"http:\/\/michaelderotus.com\/index.php?rest_route=\/wp\/v2\/types\/page"}],"author":[{"embeddable":true,"href":"http:\/\/michaelderotus.com\/index.php?rest_route=\/wp\/v2\/users\/1"}],"replies":[{"embeddable":true,"href":"http:\/\/michaelderotus.com\/index.php?rest_route=%2Fwp%2Fv2%2Fcomments&post=87"}],"version-history":[{"count":31,"href":"http:\/\/michaelderotus.com\/index.php?rest_route=\/wp\/v2\/pages\/87\/revisions"}],"predecessor-version":[{"id":2620,"href":"http:\/\/michaelderotus.com\/index.php?rest_route=\/wp\/v2\/pages\/87\/revisions\/2620"}],"wp:attachment":[{"href":"http:\/\/michaelderotus.com\/index.php?rest_route=%2Fwp%2Fv2%2Fmedia&parent=87"}],"curies":[{"name":"wp","href":"https:\/\/api.w.org\/{rel}","templated":true}]}}