{"id":84,"date":"2018-12-05T00:14:40","date_gmt":"2018-12-05T00:14:40","guid":{"rendered":"http:\/\/michaelderotus.com\/?page_id=84"},"modified":"2025-12-02T23:29:48","modified_gmt":"2025-12-02T23:29:48","slug":"videos","status":"publish","type":"page","link":"http:\/\/michaelderotus.com\/?page_id=84","title":{"rendered":"clips vid\u00e9os"},"content":{"rendered":"<p><iframe loading=\"lazy\" title=\"Michael Derotus - Mill\u00e9naire (Clip Officiel)\" width=\"760\" height=\"428\" src=\"https:\/\/www.youtube.com\/embed\/hz9KBm3JF9I?feature=oembed\" frameborder=\"0\" allow=\"accelerometer; autoplay; clipboard-write; encrypted-media; gyroscope; picture-in-picture; web-share\" referrerpolicy=\"strict-origin-when-cross-origin\" allowfullscreen><\/iframe><\/p>\n<p><span style=\"font-size: small;\"><span style=\"color: #000010;\"><span style=\"display: inline !important; float: none; background-color: transparent; color: #555d66; font-family: 'Roboto'; font-size: 13px; font-style: normal; font-variant: normal; font-weight: 400; letter-spacing: normal; line-height: 23.4px; orphans: 2; text-align: center; text-decoration: none; text-indent: 0px; text-transform: none; -webkit-text-stroke-width: 0px; white-space: pre-wrap; word-spacing: 0px;\">extrait de l&rsquo;album\u00a0\u00bb Mill\u00e9naire\u00a0\u00bb<\/span><\/span><\/span><\/p>\n<p><iframe loading=\"lazy\" title=\"Michael Derotus - le Costard (Clip Officiel)\" width=\"760\" height=\"428\" src=\"https:\/\/www.youtube.com\/embed\/6wzt0O5ZI9g?feature=oembed\" frameborder=\"0\" allow=\"accelerometer; autoplay; clipboard-write; encrypted-media; gyroscope; picture-in-picture; web-share\" referrerpolicy=\"strict-origin-when-cross-origin\" allowfullscreen><\/iframe><\/p>\n<p><span style=\"display: inline !important; float: none; background-color: transparent; color: #555d66; font-family: 'Roboto'; font-size: 13px; font-style: normal; font-variant: normal; font-weight: 400; letter-spacing: normal; line-height: 23.4px; orphans: 2; text-align: center; text-decoration: none; text-indent: 0px; text-transform: none; -webkit-text-stroke-width: 0px; white-space: pre-wrap; word-spacing: 0px;\"> extrait de l&rsquo;album\u00a0\u00bb Le monde qu&rsquo;il fait aujourd&rsquo;hui\u00a0\u00bb<\/span><\/p>\n\n\n<figure class=\"wp-block-embed is-type-video is-provider-youtube wp-block-embed-youtube wp-embed-aspect-16-9 wp-has-aspect-ratio\"><div class=\"wp-block-embed__wrapper\">\n<iframe loading=\"lazy\" title=\"1995-2025, 30 ans de carri\u00e8re, \u00e7a se f\u00eate !\" width=\"760\" height=\"428\" src=\"https:\/\/www.youtube.com\/embed\/G7brg2Y-gW4?feature=oembed\" frameborder=\"0\" allow=\"accelerometer; autoplay; clipboard-write; encrypted-media; gyroscope; picture-in-picture; web-share\" referrerpolicy=\"strict-origin-when-cross-origin\" allowfullscreen><\/iframe>\n<\/div><\/figure>\n\n\n\n<p><strong>1995-2025: 30 ans, \u00e7a se f\u00eate ! <\/strong><\/p>\n\n\n\n<figure class=\"wp-block-embed is-type-video is-provider-youtube wp-block-embed-youtube wp-embed-aspect-16-9 wp-has-aspect-ratio\"><div class=\"wp-block-embed__wrapper\">\n<iframe loading=\"lazy\" title=\"Promesse de vigne - Michael Derotus (clip)\" width=\"760\" height=\"428\" src=\"https:\/\/www.youtube.com\/embed\/JuDsPqcfSv8?feature=oembed\" frameborder=\"0\" allow=\"accelerometer; autoplay; clipboard-write; encrypted-media; gyroscope; picture-in-picture; web-share\" referrerpolicy=\"strict-origin-when-cross-origin\" allowfullscreen><\/iframe>\n<\/div><\/figure>\n\n\n\n<figure class=\"wp-block-embed is-type-video is-provider-youtube wp-block-embed-youtube wp-embed-aspect-16-9 wp-has-aspect-ratio\"><div class=\"wp-block-embed__wrapper\">\n<iframe loading=\"lazy\" title=\"Sur l&#039;\u00eele de Gore\u0301e - Michael Derotus (clip)\" width=\"760\" height=\"428\" src=\"https:\/\/www.youtube.com\/embed\/ZHVcdlcPHSM?feature=oembed\" frameborder=\"0\" allow=\"accelerometer; autoplay; clipboard-write; encrypted-media; gyroscope; picture-in-picture; web-share\" referrerpolicy=\"strict-origin-when-cross-origin\" allowfullscreen><\/iframe>\n<\/div><figcaption class=\"wp-element-caption\">Sur l&rsquo;\u00eele de Gor\u00e9e <\/figcaption><\/figure>\n\n\n\n<figure class=\"wp-block-embed is-type-video is-provider-youtube wp-block-embed-youtube wp-embed-aspect-4-3 wp-has-aspect-ratio\"><div class=\"wp-block-embed__wrapper\">\n<iframe loading=\"lazy\" title=\"L&#039; appel du dehors - Michael Derotus\" width=\"760\" height=\"570\" src=\"https:\/\/www.youtube.com\/embed\/AaM0cU8HjOQ?feature=oembed\" frameborder=\"0\" allow=\"accelerometer; autoplay; clipboard-write; encrypted-media; gyroscope; picture-in-picture; web-share\" referrerpolicy=\"strict-origin-when-cross-origin\" allowfullscreen><\/iframe>\n<\/div><\/figure>\n\n\n\n<figure class=\"wp-block-embed is-type-video is-provider-youtube wp-block-embed-youtube wp-embed-aspect-16-9 wp-has-aspect-ratio\"><div class=\"wp-block-embed__wrapper\">\n<iframe loading=\"lazy\" title=\"Odyss\u00e9e - Michael Derotus (clip)\" width=\"760\" height=\"428\" src=\"https:\/\/www.youtube.com\/embed\/SCTMDn15Ek8?feature=oembed\" frameborder=\"0\" allow=\"accelerometer; autoplay; clipboard-write; encrypted-media; gyroscope; picture-in-picture; web-share\" referrerpolicy=\"strict-origin-when-cross-origin\" allowfullscreen><\/iframe>\n<\/div><\/figure>\n\n\n\n<figure class=\"wp-block-embed is-type-video is-provider-youtube wp-block-embed-youtube wp-embed-aspect-16-9 wp-has-aspect-ratio\"><div class=\"wp-block-embed__wrapper\">\n<iframe loading=\"lazy\" title=\"Si un jour, tu vis - Michael Derotus (clip)\" width=\"760\" height=\"428\" src=\"https:\/\/www.youtube.com\/embed\/Tpwl9p8okiA?feature=oembed\" frameborder=\"0\" allow=\"accelerometer; autoplay; clipboard-write; encrypted-media; gyroscope; picture-in-picture; web-share\" referrerpolicy=\"strict-origin-when-cross-origin\" allowfullscreen><\/iframe>\n<\/div><\/figure>\n\n\n\n<figure class=\"wp-block-embed is-type-video is-provider-youtube wp-block-embed-youtube wp-embed-aspect-16-9 wp-has-aspect-ratio\"><div class=\"wp-block-embed__wrapper\">\n<iframe loading=\"lazy\" title=\"Novembre - Michael Derotus (clip officiel)\" width=\"760\" height=\"428\" src=\"https:\/\/www.youtube.com\/embed\/ow4Zldf2frs?feature=oembed\" frameborder=\"0\" allow=\"accelerometer; autoplay; clipboard-write; encrypted-media; gyroscope; picture-in-picture; web-share\" referrerpolicy=\"strict-origin-when-cross-origin\" allowfullscreen><\/iframe>\n<\/div><\/figure>\n\n\n\n<figure class=\"wp-block-embed is-type-video is-provider-youtube wp-block-embed-youtube wp-embed-aspect-16-9 wp-has-aspect-ratio\"><div class=\"wp-block-embed__wrapper\">\n<iframe loading=\"lazy\" title=\"Touch\u00e9-coul\u00e9 - Michael Derotus (clip officiel)\" width=\"760\" height=\"428\" src=\"https:\/\/www.youtube.com\/embed\/l8qr0pYolkA?feature=oembed\" frameborder=\"0\" allow=\"accelerometer; autoplay; clipboard-write; encrypted-media; gyroscope; picture-in-picture; web-share\" referrerpolicy=\"strict-origin-when-cross-origin\" allowfullscreen><\/iframe>\n<\/div><figcaption class=\"wp-element-caption\">extrait de l&rsquo;album \u00ab\u00a0Le festival des mots jolis\u00a0\u00bb<\/figcaption><\/figure>\n\n\n\n<figure class=\"wp-block-embed is-type-video is-provider-youtube wp-block-embed-youtube wp-embed-aspect-4-3 wp-has-aspect-ratio\"><div class=\"wp-block-embed__wrapper\">\n<iframe loading=\"lazy\" title=\"Michael Derotus - Le 1er janvier (clip officiel)\" width=\"760\" height=\"570\" src=\"https:\/\/www.youtube.com\/embed\/ZliE5o6IqGA?feature=oembed\" frameborder=\"0\" allow=\"accelerometer; autoplay; clipboard-write; encrypted-media; gyroscope; picture-in-picture; web-share\" referrerpolicy=\"strict-origin-when-cross-origin\" allowfullscreen><\/iframe>\n<\/div><figcaption class=\"wp-element-caption\">extrait de l&rsquo;album \u00ab\u00a0Le monde qu&rsquo;il fait aujourd&rsquo;hui\u00a0\u00bb<\/figcaption><\/figure>\n\n\n\n<figure class=\"wp-block-embed is-type-video is-provider-youtube wp-block-embed-youtube wp-embed-aspect-4-3 wp-has-aspect-ratio\"><div class=\"wp-block-embed__wrapper\">\n<iframe loading=\"lazy\" title=\"O\u00f9 \u00eates-vous -Michael Derotus (clip)\" width=\"760\" height=\"570\" src=\"https:\/\/www.youtube.com\/embed\/w2USAslOXBA?feature=oembed\" frameborder=\"0\" allow=\"accelerometer; autoplay; clipboard-write; encrypted-media; gyroscope; picture-in-picture; web-share\" referrerpolicy=\"strict-origin-when-cross-origin\" allowfullscreen><\/iframe>\n<\/div><figcaption class=\"wp-element-caption\">extrait de l&rsquo;album \u00ab\u00a0Le monde qu&rsquo;il fait aujourd&rsquo;hui\u00a0\u00bb<\/figcaption><\/figure>\n\n\n\n<figure class=\"wp-block-embed is-type-video is-provider-youtube wp-block-embed-youtube wp-embed-aspect-4-3 wp-has-aspect-ratio\"><div class=\"wp-block-embed__wrapper\">\n<iframe loading=\"lazy\" title=\"Michael Derotus- Samedis noirs (clip officiel)\" width=\"760\" height=\"570\" src=\"https:\/\/www.youtube.com\/embed\/UCME6PZTI1o?feature=oembed\" frameborder=\"0\" allow=\"accelerometer; autoplay; clipboard-write; encrypted-media; gyroscope; picture-in-picture; web-share\" referrerpolicy=\"strict-origin-when-cross-origin\" allowfullscreen><\/iframe>\n<\/div><figcaption class=\"wp-element-caption\">extrait de l&rsquo;album \u00ab\u00a0Le Festival des mots jolis\u00a0\u00bb<\/figcaption><\/figure>\n\n\n\n<figure class=\"wp-block-embed is-type-video is-provider-youtube wp-block-embed-youtube wp-embed-aspect-4-3 wp-has-aspect-ratio\"><div class=\"wp-block-embed__wrapper\">\n<iframe loading=\"lazy\" title=\"Des lettres d&#039; alcool (le clip) - Michael Derotus\" width=\"760\" height=\"570\" src=\"https:\/\/www.youtube.com\/embed\/_Maf2sZg798?feature=oembed\" frameborder=\"0\" allow=\"accelerometer; autoplay; clipboard-write; encrypted-media; gyroscope; picture-in-picture; web-share\" referrerpolicy=\"strict-origin-when-cross-origin\" allowfullscreen><\/iframe>\n<\/div><figcaption class=\"wp-element-caption\">extrait de l&rsquo;album \u00ab\u00a0Le Festival des mots jolis\u00a0\u00bb<\/figcaption><\/figure>\n\n\n\n<figure class=\"wp-block-embed is-type-video is-provider-youtube wp-block-embed-youtube wp-embed-aspect-4-3 wp-has-aspect-ratio\"><div class=\"wp-block-embed__wrapper\">\n<iframe loading=\"lazy\" title=\"Michael Derotus - Un oc\u00e9an d&#039;or (clip)\" width=\"760\" height=\"570\" src=\"https:\/\/www.youtube.com\/embed\/J6NQ4Bz4SWY?feature=oembed\" frameborder=\"0\" allow=\"accelerometer; autoplay; clipboard-write; encrypted-media; gyroscope; picture-in-picture; web-share\" referrerpolicy=\"strict-origin-when-cross-origin\" allowfullscreen><\/iframe>\n<\/div><\/figure>\n\n\n\n<figure class=\"wp-block-embed is-type-video is-provider-youtube wp-block-embed-youtube wp-embed-aspect-4-3 wp-has-aspect-ratio\"><div class=\"wp-block-embed__wrapper\">\n<iframe loading=\"lazy\" title=\"Au nom des po\u00e8tes - Michael Derotus\" width=\"760\" height=\"570\" src=\"https:\/\/www.youtube.com\/embed\/HNzi8iZ79VE?feature=oembed\" frameborder=\"0\" allow=\"accelerometer; autoplay; clipboard-write; encrypted-media; gyroscope; picture-in-picture; web-share\" referrerpolicy=\"strict-origin-when-cross-origin\" allowfullscreen><\/iframe>\n<\/div><\/figure>\n\n\n\n<p><\/p>\n","protected":false},"excerpt":{"rendered":"<p>extrait de l&rsquo;album\u00a0\u00bb Mill\u00e9naire\u00a0\u00bb extrait de l&rsquo;album\u00a0\u00bb Le monde qu&rsquo;il fait aujourd&rsquo;hui\u00a0\u00bb 1995-2025: 30 ans, \u00e7a se f\u00eate !<\/p>\n","protected":false},"author":1,"featured_media":0,"parent":0,"menu_order":0,"comment_status":"closed","ping_status":"closed","template":"","meta":{"footnotes":""},"class_list":["post-84","page","type-page","status-publish","hentry"],"_links":{"self":[{"href":"http:\/\/michaelderotus.com\/index.php?rest_route=\/wp\/v2\/pages\/84","targetHints":{"allow":["GET"]}}],"collection":[{"href":"http:\/\/michaelderotus.com\/index.php?rest_route=\/wp\/v2\/pages"}],"about":[{"href":"http:\/\/michaelderotus.com\/index.php?rest_route=\/wp\/v2\/types\/page"}],"author":[{"embeddable":true,"href":"http:\/\/michaelderotus.com\/index.php?rest_route=\/wp\/v2\/users\/1"}],"replies":[{"embeddable":true,"href":"http:\/\/michaelderotus.com\/index.php?rest_route=%2Fwp%2Fv2%2Fcomments&post=84"}],"version-history":[{"count":25,"href":"http:\/\/michaelderotus.com\/index.php?rest_route=\/wp\/v2\/pages\/84\/revisions"}],"predecessor-version":[{"id":2768,"href":"http:\/\/michaelderotus.com\/index.php?rest_route=\/wp\/v2\/pages\/84\/revisions\/2768"}],"wp:attachment":[{"href":"http:\/\/michaelderotus.com\/index.php?rest_route=%2Fwp%2Fv2%2Fmedia&parent=84"}],"curies":[{"name":"wp","href":"https:\/\/api.w.org\/{rel}","templated":true}]}}