{"id":1228,"date":"2019-06-23T23:57:57","date_gmt":"2019-06-23T23:57:57","guid":{"rendered":"http:\/\/michaelderotus.com\/?page_id=1228"},"modified":"2019-06-24T00:29:44","modified_gmt":"2019-06-24T00:29:44","slug":"fete-de-la-musique-2019-region-de-bordeaux-by-gerard-clauzure","status":"publish","type":"page","link":"http:\/\/michaelderotus.com\/?page_id=1228","title":{"rendered":"f\u00eate de la musique 2019 r\u00e9gion de Bordeaux by G\u00e9rard Clauzure"},"content":{"rendered":"\n<!-- Final Tiles Grid Gallery for WordPress v3.6.13 free --><style>#ftg-1212 .tile .icon { color:#ffffff; }#ftg-1212 .ftg-items .loading-bar i { background:#666; }#ftg-1212 .ftg-items .loading-bar { background:#fff; }#ftg-1212 .tile .icon { font-size:12px; }#ftg-1212 .tile .icon { margin: -6px 0 0 -6px; }#ftg-1212 .tile .caption-block .text-wrapper span.text { font-size:12px; }#ftg-1212 .tile .caption-outside .text-wrapper span.text { font-size:12px; }#ftg-1212 .tile .caption-block .text-wrapper span.title { font-size:14px; }#ftg-1212 .tile .caption-outside .text-wrapper span.title { font-size:14px; }#ftg-1212 .tile { background-color: transparent; }#ftg-1212 .tile .caption-block .text-wrapper span.text { color: #ffffff; }#ftg-1212 .tile .caption-block .text-wrapper span.title { color: #ffffff; }#ftg-1212 .tile .caption-outside .text-wrapper span.text { color: #ffffff; }#ftg-1212 .tile .caption-outside .text-wrapper span.title { color: #ffffff; }#ftg-1212 .tile .ftg-social a { color: #ffffff; }#ftg-1212 .tile .caption-block { transition-duration:0.25s; }#ftg-1212 .tile .tile-inner:before { background-color: #000000; }#ftg-1212 .tile .tile-inner:before { background-color: rgba(0, 0, 0, 0.8); }#ftg-1212 .tile:hover img {-moz-transform: ;-webkit-transform: ;-o-transform: ;-ms-transform: ;transform: ;}<\/style><a name=\"12\"><\/a><div class=\"final-tiles-gallery  ftg-hover-enabled caption-inside  caption-none caption-middle caption-center\" id=\"ftg-1212\" style=\"width: 100%\"><div class='ftg-items'><div class='loading-bar'><i><\/i><\/div><div  class='tile ftg-preload  '><a title=\"975A3304_1\" data-lightbox='ftg-1212' rel='ftg-1212'  class=' tile-inner  ftg-lightbox' href='http:\/\/michaelderotus.com\/wp-content\/uploads\/2019\/06\/975A3304_1-1024x683.jpg' ><img alt='975A3304_1' class='item skip-lazy' data-class='item' data-ftg-source='http:\/\/michaelderotus.com\/wp-content\/uploads\/2019\/06\/975A3304_1-300x200.jpg' src='http:\/\/michaelderotus.com\/wp-content\/uploads\/2019\/06\/975A3304_1-300x200.jpg' width='300' height='200' \/><div class='caption-block'><div class='text-wrapper'><span class='title'>975A3304_1<\/span><\/div><\/div><\/a><div class='ftg-social'><\/div><\/div><div  class='tile ftg-preload  '><a title=\"975A3265_1\" data-lightbox='ftg-1212' rel='ftg-1212'  class=' tile-inner  ftg-lightbox' href='http:\/\/michaelderotus.com\/wp-content\/uploads\/2019\/06\/975A3265_1-976x1024.jpg' ><img alt='975A3265_1' class='item skip-lazy' data-class='item' data-ftg-source='http:\/\/michaelderotus.com\/wp-content\/uploads\/2019\/06\/975A3265_1-286x300.jpg' src='http:\/\/michaelderotus.com\/wp-content\/uploads\/2019\/06\/975A3265_1-286x300.jpg' width='286' height='300' \/><div class='caption-block'><div class='text-wrapper'><span class='title'>975A3265_1<\/span><\/div><\/div><\/a><div class='ftg-social'><\/div><\/div><div  class='tile ftg-preload  '><a title=\"975A3258_1\" data-lightbox='ftg-1212' rel='ftg-1212'  class=' tile-inner  ftg-lightbox' href='http:\/\/michaelderotus.com\/wp-content\/uploads\/2019\/06\/975A3258_1-874x1024.jpg' ><img alt='975A3258_1' class='item skip-lazy' data-class='item' data-ftg-source='http:\/\/michaelderotus.com\/wp-content\/uploads\/2019\/06\/975A3258_1-256x300.jpg' src='http:\/\/michaelderotus.com\/wp-content\/uploads\/2019\/06\/975A3258_1-256x300.jpg' width='256' height='300' \/><div class='caption-block'><div class='text-wrapper'><span class='title'>975A3258_1<\/span><\/div><\/div><\/a><div class='ftg-social'><\/div><\/div><div  class='tile ftg-preload  '><a title=\"975A3277_1\" data-lightbox='ftg-1212' rel='ftg-1212'  class=' tile-inner  ftg-lightbox' href='http:\/\/michaelderotus.com\/wp-content\/uploads\/2019\/06\/975A3277_1-1024x718.jpg' ><img alt='975A3277_1' class='item skip-lazy' data-class='item' data-ftg-source='http:\/\/michaelderotus.com\/wp-content\/uploads\/2019\/06\/975A3277_1-300x210.jpg' src='http:\/\/michaelderotus.com\/wp-content\/uploads\/2019\/06\/975A3277_1-300x210.jpg' width='300' height='210' \/><div class='caption-block'><div class='text-wrapper'><span class='title'>975A3277_1<\/span><\/div><\/div><\/a><div class='ftg-social'><\/div><\/div><div  class='tile ftg-preload  '><a title=\"975A3207_1\" data-lightbox='ftg-1212' rel='ftg-1212'  class=' tile-inner  ftg-lightbox' href='http:\/\/michaelderotus.com\/wp-content\/uploads\/2019\/06\/975A3207_1-1024x779.jpg' ><img alt='975A3207_1' class='item skip-lazy' data-class='item' data-ftg-source='http:\/\/michaelderotus.com\/wp-content\/uploads\/2019\/06\/975A3207_1-300x228.jpg' src='http:\/\/michaelderotus.com\/wp-content\/uploads\/2019\/06\/975A3207_1-300x228.jpg' width='300' height='228' \/><div class='caption-block'><div class='text-wrapper'><span class='title'>975A3207_1<\/span><\/div><\/div><\/a><div class='ftg-social'><\/div><\/div><div  class='tile ftg-preload  '><a title=\"975A3308_1\" data-lightbox='ftg-1212' rel='ftg-1212'  class=' tile-inner  ftg-lightbox' href='http:\/\/michaelderotus.com\/wp-content\/uploads\/2019\/06\/975A3308_1-1024x873.jpg' ><img alt='975A3308_1' class='item skip-lazy' data-class='item' data-ftg-source='http:\/\/michaelderotus.com\/wp-content\/uploads\/2019\/06\/975A3308_1-300x256.jpg' src='http:\/\/michaelderotus.com\/wp-content\/uploads\/2019\/06\/975A3308_1-300x256.jpg' width='300' height='256' \/><div class='caption-block'><div class='text-wrapper'><span class='title'>975A3308_1<\/span><\/div><\/div><\/a><div class='ftg-social'><\/div><\/div><div  class='tile ftg-preload  '><a title=\"975A3298_1\" data-lightbox='ftg-1212' rel='ftg-1212'  class=' tile-inner  ftg-lightbox' href='http:\/\/michaelderotus.com\/wp-content\/uploads\/2019\/06\/975A3298_1-774x1024.jpg' ><img alt='975A3298_1' class='item skip-lazy' data-class='item' data-ftg-source='http:\/\/michaelderotus.com\/wp-content\/uploads\/2019\/06\/975A3298_1-227x300.jpg' src='http:\/\/michaelderotus.com\/wp-content\/uploads\/2019\/06\/975A3298_1-227x300.jpg' width='227' height='300' \/><div class='caption-block'><div class='text-wrapper'><span class='title'>975A3298_1<\/span><\/div><\/div><\/a><div class='ftg-social'><\/div><\/div><div  class='tile ftg-preload  '><a title=\"975A3281_1\" data-lightbox='ftg-1212' rel='ftg-1212'  class=' tile-inner  ftg-lightbox' href='http:\/\/michaelderotus.com\/wp-content\/uploads\/2019\/06\/975A3281_1-1024x819.jpg' ><img alt='975A3281_1' class='item skip-lazy' data-class='item' data-ftg-source='http:\/\/michaelderotus.com\/wp-content\/uploads\/2019\/06\/975A3281_1-300x240.jpg' src='http:\/\/michaelderotus.com\/wp-content\/uploads\/2019\/06\/975A3281_1-300x240.jpg' width='300' height='240' \/><div class='caption-block'><div class='text-wrapper'><span class='title'>975A3281_1<\/span><\/div><\/div><\/a><div class='ftg-social'><\/div><\/div><div  class='tile ftg-preload  '><a title=\"975A3295_2\" data-lightbox='ftg-1212' rel='ftg-1212'  class=' tile-inner  ftg-lightbox' href='http:\/\/michaelderotus.com\/wp-content\/uploads\/2019\/06\/975A3295_2-611x1024.jpg' ><img alt='975A3295_2' class='item skip-lazy' data-class='item' data-ftg-source='http:\/\/michaelderotus.com\/wp-content\/uploads\/2019\/06\/975A3295_2-179x300.jpg' src='http:\/\/michaelderotus.com\/wp-content\/uploads\/2019\/06\/975A3295_2-179x300.jpg' width='179' height='300' \/><div class='caption-block'><div class='text-wrapper'><span class='title'>975A3295_2<\/span><\/div><\/div><\/a><div class='ftg-social'><\/div><\/div><div  class='tile ftg-preload  '><a title=\"975A3290_1\" data-lightbox='ftg-1212' rel='ftg-1212'  class=' tile-inner  ftg-lightbox' href='http:\/\/michaelderotus.com\/wp-content\/uploads\/2019\/06\/975A3290_1-792x1024.jpg' ><img alt='975A3290_1' class='item skip-lazy' data-class='item' data-ftg-source='http:\/\/michaelderotus.com\/wp-content\/uploads\/2019\/06\/975A3290_1-232x300.jpg' src='http:\/\/michaelderotus.com\/wp-content\/uploads\/2019\/06\/975A3290_1-232x300.jpg' width='232' height='300' \/><div class='caption-block'><div class='text-wrapper'><span class='title'>975A3290_1<\/span><\/div><\/div><\/a><div class='ftg-social'><\/div><\/div><div  class='tile ftg-preload  '><a title=\"975A3289_1\" data-lightbox='ftg-1212' rel='ftg-1212'  class=' tile-inner  ftg-lightbox' href='http:\/\/michaelderotus.com\/wp-content\/uploads\/2019\/06\/975A3289_1-794x1024.jpg' ><img alt='975A3289_1' class='item skip-lazy' data-class='item' data-ftg-source='http:\/\/michaelderotus.com\/wp-content\/uploads\/2019\/06\/975A3289_1-233x300.jpg' src='http:\/\/michaelderotus.com\/wp-content\/uploads\/2019\/06\/975A3289_1-233x300.jpg' width='233' height='300' \/><div class='caption-block'><div class='text-wrapper'><span class='title'>975A3289_1<\/span><\/div><\/div><\/a><div class='ftg-social'><\/div><\/div><div  class='tile ftg-preload  '><a title=\"975A3287_1\" data-lightbox='ftg-1212' rel='ftg-1212'  class=' tile-inner  ftg-lightbox' href='http:\/\/michaelderotus.com\/wp-content\/uploads\/2019\/06\/975A3287_1-792x1024.jpg' ><img alt='975A3287_1' class='item skip-lazy' data-class='item' data-ftg-source='http:\/\/michaelderotus.com\/wp-content\/uploads\/2019\/06\/975A3287_1-232x300.jpg' src='http:\/\/michaelderotus.com\/wp-content\/uploads\/2019\/06\/975A3287_1-232x300.jpg' width='232' height='300' \/><div class='caption-block'><div class='text-wrapper'><span class='title'>975A3287_1<\/span><\/div><\/div><\/a><div class='ftg-social'><\/div><\/div><div  class='tile ftg-preload  '><a title=\"975A3279_1\" data-lightbox='ftg-1212' rel='ftg-1212'  class=' tile-inner  ftg-lightbox' href='http:\/\/michaelderotus.com\/wp-content\/uploads\/2019\/06\/975A3279_1-1024x999.jpg' ><img alt='975A3279_1' class='item skip-lazy' data-class='item' data-ftg-source='http:\/\/michaelderotus.com\/wp-content\/uploads\/2019\/06\/975A3279_1-300x293.jpg' src='http:\/\/michaelderotus.com\/wp-content\/uploads\/2019\/06\/975A3279_1-300x293.jpg' width='300' height='293' \/><div class='caption-block'><div class='text-wrapper'><span class='title'>975A3279_1<\/span><\/div><\/div><\/a><div class='ftg-social'><\/div><\/div><div  class='tile ftg-preload  '><a title=\"975A3271_2\" data-lightbox='ftg-1212' rel='ftg-1212'  class=' tile-inner  ftg-lightbox' href='http:\/\/michaelderotus.com\/wp-content\/uploads\/2019\/06\/975A3271_2-759x1024.jpg' ><img alt='975A3271_2' class='item skip-lazy' data-class='item' data-ftg-source='http:\/\/michaelderotus.com\/wp-content\/uploads\/2019\/06\/975A3271_2-222x300.jpg' src='http:\/\/michaelderotus.com\/wp-content\/uploads\/2019\/06\/975A3271_2-222x300.jpg' width='222' height='300' \/><div class='caption-block'><div class='text-wrapper'><span class='title'>975A3271_2<\/span><\/div><\/div><\/a><div class='ftg-social'><\/div><\/div><div  class='tile ftg-preload  '><a title=\"975A3268_2\" data-lightbox='ftg-1212' rel='ftg-1212'  class=' tile-inner  ftg-lightbox' href='http:\/\/michaelderotus.com\/wp-content\/uploads\/2019\/06\/975A3268_2-738x1024.jpg' ><img alt='975A3268_2' class='item skip-lazy' data-class='item' data-ftg-source='http:\/\/michaelderotus.com\/wp-content\/uploads\/2019\/06\/975A3268_2-216x300.jpg' src='http:\/\/michaelderotus.com\/wp-content\/uploads\/2019\/06\/975A3268_2-216x300.jpg' width='216' height='300' \/><div class='caption-block'><div class='text-wrapper'><span class='title'>975A3268_2<\/span><\/div><\/div><\/a><div class='ftg-social'><\/div><\/div><div  class='tile ftg-preload  '><a title=\"975A3253_1\" data-lightbox='ftg-1212' rel='ftg-1212'  class=' tile-inner  ftg-lightbox' href='http:\/\/michaelderotus.com\/wp-content\/uploads\/2019\/06\/975A3253_1-807x1024.jpg' ><img alt='975A3253_1' class='item skip-lazy' data-class='item' data-ftg-source='http:\/\/michaelderotus.com\/wp-content\/uploads\/2019\/06\/975A3253_1-237x300.jpg' src='http:\/\/michaelderotus.com\/wp-content\/uploads\/2019\/06\/975A3253_1-237x300.jpg' width='237' height='300' \/><div class='caption-block'><div class='text-wrapper'><span class='title'>975A3253_1<\/span><\/div><\/div><\/a><div class='ftg-social'><\/div><\/div><div  class='tile ftg-preload  '><a title=\"975A3246_1\" data-lightbox='ftg-1212' rel='ftg-1212'  class=' tile-inner  ftg-lightbox' href='http:\/\/michaelderotus.com\/wp-content\/uploads\/2019\/06\/975A3246_1-799x1024.jpg' ><img alt='975A3246_1' class='item skip-lazy' data-class='item' data-ftg-source='http:\/\/michaelderotus.com\/wp-content\/uploads\/2019\/06\/975A3246_1-234x300.jpg' src='http:\/\/michaelderotus.com\/wp-content\/uploads\/2019\/06\/975A3246_1-234x300.jpg' width='234' height='300' \/><div class='caption-block'><div class='text-wrapper'><span class='title'>975A3246_1<\/span><\/div><\/div><\/a><div class='ftg-social'><\/div><\/div><div  class='tile ftg-preload  '><a title=\"975A3232_1\" data-lightbox='ftg-1212' rel='ftg-1212'  class=' tile-inner  ftg-lightbox' href='http:\/\/michaelderotus.com\/wp-content\/uploads\/2019\/06\/975A3232_1-1024x727.jpg' ><img alt='975A3232_1' class='item skip-lazy' data-class='item' data-ftg-source='http:\/\/michaelderotus.com\/wp-content\/uploads\/2019\/06\/975A3232_1-300x213.jpg' src='http:\/\/michaelderotus.com\/wp-content\/uploads\/2019\/06\/975A3232_1-300x213.jpg' width='300' height='213' \/><div class='caption-block'><div class='text-wrapper'><span class='title'>975A3232_1<\/span><\/div><\/div><\/a><div class='ftg-social'><\/div><\/div><div  class='tile ftg-preload  '><a title=\"975A3226_1\" data-lightbox='ftg-1212' rel='ftg-1212'  class=' tile-inner  ftg-lightbox' href='http:\/\/michaelderotus.com\/wp-content\/uploads\/2019\/06\/975A3226_1-1024x746.jpg' ><img alt='975A3226_1' class='item skip-lazy' data-class='item' data-ftg-source='http:\/\/michaelderotus.com\/wp-content\/uploads\/2019\/06\/975A3226_1-300x219.jpg' src='http:\/\/michaelderotus.com\/wp-content\/uploads\/2019\/06\/975A3226_1-300x219.jpg' width='300' height='219' \/><div class='caption-block'><div class='text-wrapper'><span class='title'>975A3226_1<\/span><\/div><\/div><\/a><div class='ftg-social'><\/div><\/div><div  class='tile ftg-preload  '><a title=\"975A3222_1\" data-lightbox='ftg-1212' rel='ftg-1212'  class=' tile-inner  ftg-lightbox' href='http:\/\/michaelderotus.com\/wp-content\/uploads\/2019\/06\/975A3222_1-792x1024.jpg' ><img alt='975A3222_1' class='item skip-lazy' data-class='item' data-ftg-source='http:\/\/michaelderotus.com\/wp-content\/uploads\/2019\/06\/975A3222_1-232x300.jpg' src='http:\/\/michaelderotus.com\/wp-content\/uploads\/2019\/06\/975A3222_1-232x300.jpg' width='232' height='300' \/><div class='caption-block'><div class='text-wrapper'><span class='title'>975A3222_1<\/span><\/div><\/div><\/a><div class='ftg-social'><\/div><\/div><div  class='tile ftg-preload  '><a title=\"975A3208_1\" data-lightbox='ftg-1212' rel='ftg-1212'  class=' tile-inner  ftg-lightbox' href='http:\/\/michaelderotus.com\/wp-content\/uploads\/2019\/06\/975A3208_1-1024x841.jpg' ><img alt='975A3208_1' class='item skip-lazy' data-class='item' data-ftg-source='http:\/\/michaelderotus.com\/wp-content\/uploads\/2019\/06\/975A3208_1-300x246.jpg' src='http:\/\/michaelderotus.com\/wp-content\/uploads\/2019\/06\/975A3208_1-300x246.jpg' width='300' height='246' \/><div class='caption-block'><div class='text-wrapper'><span class='title'>975A3208_1<\/span><\/div><\/div><\/a><div class='ftg-social'><\/div><\/div><div  class='tile ftg-preload  '><a title=\"975A3200_1\" data-lightbox='ftg-1212' rel='ftg-1212'  class=' tile-inner  ftg-lightbox' href='http:\/\/michaelderotus.com\/wp-content\/uploads\/2019\/06\/975A3200_1-912x1024.jpg' ><img alt='975A3200_1' class='item skip-lazy' data-class='item' data-ftg-source='http:\/\/michaelderotus.com\/wp-content\/uploads\/2019\/06\/975A3200_1-267x300.jpg' src='http:\/\/michaelderotus.com\/wp-content\/uploads\/2019\/06\/975A3200_1-267x300.jpg' width='267' height='300' \/><div class='caption-block'><div class='text-wrapper'><span class='title'>975A3200_1<\/span><\/div><\/div><\/a><div class='ftg-social'><\/div><\/div><div  class='tile ftg-preload  '><a title=\"975A3187_1\" data-lightbox='ftg-1212' rel='ftg-1212'  class=' tile-inner  ftg-lightbox' href='http:\/\/michaelderotus.com\/wp-content\/uploads\/2019\/06\/975A3187_1-752x1024.jpg' ><img alt='975A3187_1' class='item skip-lazy' data-class='item' data-ftg-source='http:\/\/michaelderotus.com\/wp-content\/uploads\/2019\/06\/975A3187_1-220x300.jpg' src='http:\/\/michaelderotus.com\/wp-content\/uploads\/2019\/06\/975A3187_1-220x300.jpg' width='220' height='300' \/><div class='caption-block'><div class='text-wrapper'><span class='title'>975A3187_1<\/span><\/div><\/div><\/a><div class='ftg-social'><\/div><\/div><div  class='tile ftg-preload  '><a title=\"975A3192_1\" data-lightbox='ftg-1212' rel='ftg-1212'  class=' tile-inner  ftg-lightbox' href='http:\/\/michaelderotus.com\/wp-content\/uploads\/2019\/06\/975A3192_1-812x1024.jpg' ><img alt='975A3192_1' class='item skip-lazy' data-class='item' data-ftg-source='http:\/\/michaelderotus.com\/wp-content\/uploads\/2019\/06\/975A3192_1-238x300.jpg' src='http:\/\/michaelderotus.com\/wp-content\/uploads\/2019\/06\/975A3192_1-238x300.jpg' width='238' height='300' \/><div class='caption-block'><div class='text-wrapper'><span class='title'>975A3192_1<\/span><\/div><\/div><\/a><div class='ftg-social'><\/div><\/div><div  class='tile ftg-preload  '><a title=\"975A3184_1\" data-lightbox='ftg-1212' rel='ftg-1212'  class=' tile-inner  ftg-lightbox' href='http:\/\/michaelderotus.com\/wp-content\/uploads\/2019\/06\/975A3184_1-1024x898.jpg' ><img alt='975A3184_1' class='item skip-lazy' data-class='item' data-ftg-source='http:\/\/michaelderotus.com\/wp-content\/uploads\/2019\/06\/975A3184_1-300x263.jpg' src='http:\/\/michaelderotus.com\/wp-content\/uploads\/2019\/06\/975A3184_1-300x263.jpg' width='300' height='263' \/><div class='caption-block'><div class='text-wrapper'><span class='title'>975A3184_1<\/span><\/div><\/div><\/a><div class='ftg-social'><\/div><\/div><div  class='tile ftg-preload  '><a title=\"975A3294_1\" data-lightbox='ftg-1212' rel='ftg-1212'  class=' tile-inner  ftg-lightbox' href='http:\/\/michaelderotus.com\/wp-content\/uploads\/2019\/06\/975A3294_1-692x1024.jpg' ><img alt='975A3294_1' class='item skip-lazy' data-class='item' data-ftg-source='http:\/\/michaelderotus.com\/wp-content\/uploads\/2019\/06\/975A3294_1-203x300.jpg' src='http:\/\/michaelderotus.com\/wp-content\/uploads\/2019\/06\/975A3294_1-203x300.jpg' width='203' height='300' \/><div class='caption-block'><div class='text-wrapper'><span class='title'>975A3294_1<\/span><\/div><\/div><\/a><div class='ftg-social'><\/div><\/div><\/div><\/div>\n","protected":false},"excerpt":{"rendered":"","protected":false},"author":1,"featured_media":0,"parent":0,"menu_order":0,"comment_status":"closed","ping_status":"closed","template":"","meta":{"footnotes":""},"class_list":["post-1228","page","type-page","status-publish","hentry"],"_links":{"self":[{"href":"http:\/\/michaelderotus.com\/index.php?rest_route=\/wp\/v2\/pages\/1228","targetHints":{"allow":["GET"]}}],"collection":[{"href":"http:\/\/michaelderotus.com\/index.php?rest_route=\/wp\/v2\/pages"}],"about":[{"href":"http:\/\/michaelderotus.com\/index.php?rest_route=\/wp\/v2\/types\/page"}],"author":[{"embeddable":true,"href":"http:\/\/michaelderotus.com\/index.php?rest_route=\/wp\/v2\/users\/1"}],"replies":[{"embeddable":true,"href":"http:\/\/michaelderotus.com\/index.php?rest_route=%2Fwp%2Fv2%2Fcomments&post=1228"}],"version-history":[{"count":2,"href":"http:\/\/michaelderotus.com\/index.php?rest_route=\/wp\/v2\/pages\/1228\/revisions"}],"predecessor-version":[{"id":1230,"href":"http:\/\/michaelderotus.com\/index.php?rest_route=\/wp\/v2\/pages\/1228\/revisions\/1230"}],"wp:attachment":[{"href":"http:\/\/michaelderotus.com\/index.php?rest_route=%2Fwp%2Fv2%2Fmedia&parent=1228"}],"curies":[{"name":"wp","href":"https:\/\/api.w.org\/{rel}","templated":true}]}}